{"id":8,"date":"2015-09-25T14:25:44","date_gmt":"2015-09-25T14:25:44","guid":{"rendered":"https:\/\/ceeav.eba.ufmg.br\/wp\/?page_id=8"},"modified":"2024-01-12T09:33:47","modified_gmt":"2024-01-12T12:33:47","slug":"congregacao","status":"publish","type":"page","link":"https:\/\/ceeav.eba.ufmg.br\/?page_id=8","title":{"rendered":"Perguntas Frequentes"},"content":{"rendered":"<p><strong>Qual a dura\u00e7\u00e3o do curso?<\/strong><\/p>\n<blockquote><p>2 anos<\/p><\/blockquote>\n<p><strong>H\u00e1 pagamento de bolsa para os alunos?<\/strong><\/p>\n<blockquote><p>N\u00e3o<\/p><\/blockquote>\n<p><strong>Qual o pre\u00e7o da mensalidade?<\/strong><\/p>\n<blockquote><p>N\u00e3o h\u00e1 mensalidade. O curso \u00e9 gratuito, pois trata-se de um conv\u00eanio entre UFMG, a Universidade Aberta do Brasil &#8211; UAB, MEC e Prefeituras<\/p><\/blockquote>\n<p><strong>O curso habilita o aluno a ministrar aulas de Artes Visuais?<\/strong><\/p>\n<blockquote><p>N\u00e3o, pois n\u00e3o \u00e9 um curso de Licenciatura em Artes Visuais.<\/p><\/blockquote>\n<p><strong>O curso tem quantos encontros presenciais? Qual a dura\u00e7\u00e3o dos encontros?<\/strong><\/p>\n<blockquote><p>Os encontros presenciais s\u00e3o semestrais, aos s\u00e1bados, e tem dura\u00e7\u00e3o em m\u00e9dia de 4 horas.<\/p><\/blockquote>\n<p><strong>Onde acontecem as ofertas do curso?<\/strong><\/p>\n<blockquote><p>Em cidades de Minas Gerais, exceto Belo Horizonte.<\/p><\/blockquote>\n<p><strong>Quais os polos onde o curso j\u00e1 foi oferecido?<\/strong><\/p>\n<blockquote><p>Ara\u00e7ua\u00ed, Arax\u00e1, Bom Despacho, Brumadinho, Campos Gerais, Concei\u00e7\u00e3o do Mato Dentro, Confins, Conselheiro Lafaiete, Contagem, Corinto, Formiga, Governador Valadares, Ipanema, Itabira, Jaboticatubas, Juiz de Fora, Lagoa Santa, Sabar\u00e1, Sete Lagoas, Te\u00f3filo Otoni, Tiradentes e Uberaba.<\/p><\/blockquote>\n<p><strong>Quais s\u00e3o os crit\u00e9rios para sele\u00e7\u00e3o de alunos?<\/strong><\/p>\n<blockquote><p>Gradua\u00e7\u00e3o em Curso Superior de Gradua\u00e7\u00e3o em qualquer \u00e1rea, reconhecido pelo MEC e processo seletivo.<\/p>\n<p>O processo seletivo ser\u00e1 dividido em 2 (duas) etapas, sendo a primeira eliminat\u00f3ria e a segunda classificat\u00f3ria:<\/p>\n<p>1\u00aa etapa \u2013 <strong>Prova Escrita<\/strong> constando de quest\u00f5es que ir\u00e3o avaliar o conhecimento sobre o ensino de artes visuais e suas especificidades \u2013 Bibliografia indicada\u00a0em Edital de Sele\u00e7\u00e3o.<\/p>\n<p>2\u00aa etapa &#8211; <strong>Avalia\u00e7\u00e3o do Curr\u00edculo e Carta de Inten\u00e7\u00f5es<\/strong><\/p>\n<p>No caso de empate o crit\u00e9rio utilizado para desempate ser\u00e1: A) a experi\u00eancia em doc\u00eancia comprovada e experi\u00eancia docente e\/ou profissional na \u00e1rea de artes; B) forma\u00e7\u00e3o na \u00e1rea de artes; e C) candidato de maior idade.<\/p><\/blockquote>\n<p><strong>Como obter a declara\u00e7\u00e3o de presen\u00e7a nos encontros presenciais?<\/strong><\/p>\n<blockquote><p>O aluno deve solicitar a declara\u00e7\u00e3o de presen\u00e7a, via email da Secretaria CEEAV: <span style=\"color: #0000ff;\">cespea@eba.ufmg.br <\/span>,\u00a0at\u00e9 a quarta-feira que antecede ao encontro presencial. A declara\u00e7\u00e3o de presen\u00e7a ser\u00e1 entregue ao aluno ap\u00f3s a finaliza\u00e7\u00e3o do encontro presencial.<\/p><\/blockquote>\n<p><strong>Como fazer o pedido de aproveitamento de cr\u00e9ditos?<\/strong><\/p>\n<blockquote><p>Os alunos do Curso de Especializa\u00e7\u00e3o em Ensino de Artes Visuais e Tecnologias Contempor\u00e2neas &#8211; CEEAV, do Prgrama de P\u00f3s Gradua\u00e7\u00e3o em Artes &#8211; PPG Artes, da Escola de Belas Artes &#8211; EBA\/ UFMG, modalidade a Dist\u00e2ncia, poder\u00e3o solicitar aproveitamento de cr\u00e9ditos para as disciplinas cursadas e aprovadas em ofertas anteriores do mesmo Curso ou caso exista a equival\u00eancia da disciplina.<\/p>\n<p>Somente podem ser computadas as disciplinas que tenham sido cursadas <strong>at\u00e9 2 anos<\/strong> antes da data da solicita\u00e7\u00e3o.<\/p>\n<p>A comprova\u00e7\u00e3o dos cr\u00e9ditos ser\u00e1 realizada pelo Hist\u00f3rico Escolar, que ser\u00e1 anexado \u00e0 solicita\u00e7\u00e3o do aluno pela Secretaria do CEEAV e\/ou documento datado e assinado pelo ofertante da referida disciplina.<\/p>\n<p>Os pedidos de aproveitamento ser\u00e3o analisados pela Coordena\u00e7\u00e3o do Curso e pelo Colegiado de P\u00f3s-gradua\u00e7\u00e3o.<\/p>\n<p>O aluno dever\u00e1 enviar o formul\u00e1rio que est\u00e1 <span style=\"color: #0000ff;\"><a style=\"color: #0000ff;\" href=\"https:\/\/ceeav.eba.ufmg.br\/?page_id=182\">dispon\u00edvel no site<\/a><\/span>, devidamente preenchido e assinado, para a Secretaria CEEAV\/ PPG Artes\/ EBA\/ UFMG.<\/p>\n<p><strong>IMPORTANTE:<\/strong> Os alunos que solicitarem aproveitamento de cr\u00e9dito continuar\u00e3o realizando as atividades do curso atual, at\u00e9 que recebam a confirma\u00e7\u00e3o do aproveitamento dos cr\u00e9ditos solicitados. Al\u00e9m disso, a solicita\u00e7\u00e3o de aproveitamento dever\u00e1 ser realizada antes do inicio da disciplina solicitada.<\/p><\/blockquote>\n<p><strong>Qual o procedimento para solicitar o certificado de conclus\u00e3o do curso?<\/strong><\/p>\n<blockquote><p>Ap\u00f3s\u00a0a submiss\u00e3o\u00a0da monografia devidamente corrigida, no Reposit\u00f3rio UFMG:<span style=\"color: #0000ff;\">\u00a0<a style=\"color: #0000ff;\" href=\"https:\/\/repositorio.ufmg.br\/\">https:\/\/repositorio.ufmg.br\/<\/a><\/span> para requerer o certificado o aluno dever\u00e1:<\/p>\n<p>a) Preencher <span style=\"color: #0000ff;\"><a style=\"color: #0000ff;\" href=\"https:\/\/ceeav.eba.ufmg.br\/?page_id=178\">o requerimento pr\u00f3prio de solicita\u00e7\u00e3o de Certificado<\/a><\/span>, com letra de forma leg\u00edvel (n\u00e3o abreviar nenhum nome);<\/p>\n<p>b) Providenciar c\u00f3pia xerox dos documentos que se encontram indicados no requerimento;<\/p>\n<p>c) Anexar o\u00a0<a href=\"https:\/\/ceeav.eba.ufmg.br\/wp-content\/uploads\/2015\/09\/Termo-de-Autorizacao-relativo-ao-dep\u00f3sito-e-disponibiliza\u00e7\u00e3o-de-trabalhos-acad\u00eamicos_Reposit\u00f3rio-UFMG.pdf\" rel=\"\">Termo de Autorizacao relativo ao dep\u00f3sito e disponibiliza\u00e7\u00e3o de trabalhos acad\u00eamicos_Reposit\u00f3rio UFMG<\/a>\u00a0as c\u00f3pias dos documentos e encaminhar \u00e0 Secretaria do CEEAV . Ap\u00f3s a entrega da documenta\u00e7\u00e3o, o aluno receber\u00e1 um e-mail (protocolo) que funciona como uma garantia de que tal procedimento foi efetuado. Por isso, n\u00e3o perca o documento de protocolo. O prazo m\u00e9dio para entrega do Certificado, ap\u00f3s o pedido, \u00e9 de aproximadamente 12 meses.<\/p><\/blockquote>\n","protected":false},"excerpt":{"rendered":"<p>Qual a dura\u00e7\u00e3o do curso? 2 anos H\u00e1 pagamento de bolsa para os alunos? N\u00e3o Qual o pre\u00e7o da mensalidade? N\u00e3o h\u00e1 mensalidade. O curso \u00e9 gratuito, pois trata-se de um conv\u00eanio entre UFMG, a Universidade Aberta do Brasil &#8211; UAB, MEC e Prefeituras O curso habilita o aluno a ministrar aulas de Artes Visuais? [&hellip;]<\/p>\n","protected":false},"author":2,"featured_media":0,"parent":4,"menu_order":0,"comment_status":"closed","ping_status":"closed","template":"","meta":{"footnotes":""},"class_list":["post-8","page","type-page","status-publish","hentry"],"_links":{"self":[{"href":"https:\/\/ceeav.eba.ufmg.br\/index.php?rest_route=\/wp\/v2\/pages\/8","targetHints":{"allow":["GET"]}}],"collection":[{"href":"https:\/\/ceeav.eba.ufmg.br\/index.php?rest_route=\/wp\/v2\/pages"}],"about":[{"href":"https:\/\/ceeav.eba.ufmg.br\/index.php?rest_route=\/wp\/v2\/types\/page"}],"author":[{"embeddable":true,"href":"https:\/\/ceeav.eba.ufmg.br\/index.php?rest_route=\/wp\/v2\/users\/2"}],"replies":[{"embeddable":true,"href":"https:\/\/ceeav.eba.ufmg.br\/index.php?rest_route=%2Fwp%2Fv2%2Fcomments&post=8"}],"version-history":[{"count":8,"href":"https:\/\/ceeav.eba.ufmg.br\/index.php?rest_route=\/wp\/v2\/pages\/8\/revisions"}],"predecessor-version":[{"id":2365,"href":"https:\/\/ceeav.eba.ufmg.br\/index.php?rest_route=\/wp\/v2\/pages\/8\/revisions\/2365"}],"up":[{"embeddable":true,"href":"https:\/\/ceeav.eba.ufmg.br\/index.php?rest_route=\/wp\/v2\/pages\/4"}],"wp:attachment":[{"href":"https:\/\/ceeav.eba.ufmg.br\/index.php?rest_route=%2Fwp%2Fv2%2Fmedia&parent=8"}],"curies":[{"name":"wp","href":"https:\/\/api.w.org\/{rel}","templated":true}]}}