{"id":6,"date":"2015-09-25T14:25:15","date_gmt":"2015-09-25T14:25:15","guid":{"rendered":"https:\/\/ceeav.eba.ufmg.br\/wp\/?page_id=6"},"modified":"2023-08-29T13:49:41","modified_gmt":"2023-08-29T13:49:41","slug":"direcao","status":"publish","type":"page","link":"https:\/\/ceeav.eba.ufmg.br\/?page_id=6","title":{"rendered":"Equipe CEEAV"},"content":{"rendered":"<h3><strong>Coordenadora do Programa de P\u00f3s Gradua\u00e7\u00e3o em Artes &#8211; PPG Artes\/ EBA\/ UFMG<\/strong><\/h3>\n<blockquote><p><a style=\"color: #0000ff;\" href=\"http:\/\/lattes.cnpq.br\/4036174612294393\" target=\"_blank\" rel=\"noopener\">Mariana de Lima e Muniz<\/a><\/p><\/blockquote>\n<h3><strong>Coordenadora\u00a0do Curso de Especializa\u00e7\u00e3o em Ensino de Artes Visuais e Tecnologias Contempor\u00e2neas &#8211; CEEAV\/ EBA\/ UFMG<\/strong><\/h3>\n<blockquote><p><a style=\"color: #0000ff;\" href=\"http:\/\/lattes.cnpq.br\/4577965193482567\" target=\"_blank\" rel=\"noopener\">Camila Rodrigues Moreira Cruz<\/a><\/p><\/blockquote>\n<h3 style=\"text-align: left;\"><strong>Assistente de Projetos do Curso de Especializa\u00e7\u00e3o em Ensino de Artes Visuais e Tecnologias\u00a0<\/strong><strong>Contempor\u00e2neas &#8211; CEEAV\/ EBA\/ UFMG<\/strong><\/h3>\n<blockquote><p>Nayara Fabiane Rosemari Silva<\/p><\/blockquote>\n<h3><strong>Corpo Docente CEEAV\/ EBA\/ UFMG<\/strong><\/h3>\n<blockquote><p><span style=\"color: #0000ff;\"><a style=\"color: #0000ff;\" href=\"http:\/\/lattes.cnpq.br\/3067082842626699\">Alexandre Martins Soares<\/a><\/span><\/p>\n<p><a href=\"http:\/\/lattes.cnpq.br\/1138172057810686\">Artur Luiz de Souza Maciel<\/a><\/p>\n<p><a style=\"color: #0000ff;\" href=\"http:\/\/lattes.cnpq.br\/5559474272450379\" target=\"_blank\" rel=\"noopener\">Andrea de Paula Xavier Vilela<\/a><\/p>\n<p><a href=\"http:\/\/lattes.cnpq.br\/4577965193482567\">Camila Moreira Rodrigues Cruz<\/a><\/p>\n<p><a style=\"color: #0000ff;\" href=\"http:\/\/lattes.cnpq.br\/2252347574303645\" target=\"_blank\" rel=\"noopener\">Carolina Ruoso<\/a><\/p>\n<p><a href=\"http:\/\/lattes.cnpq.br\/1188991627828778\" target=\"_blank\" rel=\"noopener\">C\u00e1ssia Macieira<\/a><\/p>\n<p><a style=\"color: #0000ff;\" href=\"http:\/\/buscatextual.cnpq.br\/buscatextual\/visualizacv.do?id=K4231344H8\" target=\"_blank\" rel=\"noopener\">Claudia Regina dos Anjos<\/a><\/p>\n<p><span style=\"color: #0000ff;\"><a style=\"color: #0000ff;\" href=\"http:\/\/lattes.cnpq.br\/4906280246877458\" target=\"_blank\" rel=\"noopener\">Clebio Maduro<\/a><\/span><\/p>\n<p><span style=\"color: #0000ff;\"><a style=\"color: #0000ff;\" href=\"http:\/\/buscatextual.cnpq.br\/buscatextual\/visualizacv.do?id=K4759038T5\" target=\"_blank\" rel=\"noopener\">Concei\u00e7\u00e3o Linda de Fran\u00e7a<\/a><\/span><\/p>\n<p><a style=\"color: #0000ff;\" href=\"http:\/\/lattes.cnpq.br\/6732529685728145\" target=\"_blank\" rel=\"noopener\">Danielle de S\u00e1 Alves<\/a><\/p>\n<p><a style=\"color: #0000ff;\" href=\"http:\/\/lattes.cnpq.br\/9532146074101322\" target=\"_blank\" rel=\"noopener\">Eneida Campos de Carvalho e Silva<\/a><\/p>\n<p><span style=\"color: #0000ff;\"><a style=\"color: #0000ff;\" href=\"http:\/\/lattes.cnpq.br\/4786927139430779\" target=\"_blank\" rel=\"noopener\">Evandro Jos\u00e9 Lemos da Cunha<\/a><\/span><\/p>\n<p><a style=\"color: #0000ff;\" href=\"http:\/\/lattes.cnpq.br\/8683034218224159\" target=\"_blank\" rel=\"noopener\">Gabriela C\u00f3rdova Christ\u00f3faro<\/a><\/p>\n<p><span style=\"color: #0000ff;\"><a style=\"color: #0000ff;\" href=\"http:\/\/buscatextual.cnpq.br\/buscatextual\/visualizacv.do?id=K4249085Y1\" target=\"_blank\" rel=\"noopener\">Geraldo Freire Loyola<\/a><\/span><\/p>\n<p><span style=\"color: #0000ff;\"><a style=\"color: #0000ff;\" href=\"http:\/\/lattes.cnpq.br\/9144157218008970\" target=\"_blank\" rel=\"noopener\">Giovanna Viana Martins<\/a><\/span><\/p>\n<p><a style=\"color: #0000ff;\" href=\"http:\/\/lattes.cnpq.br\/0904976546214508\" target=\"_blank\" rel=\"noopener\">\u00cdcaro Moreno Ramos<\/a><\/p>\n<p><a style=\"color: #0000ff;\" href=\"http:\/\/lattes.cnpq.br\/4001162545733151\" target=\"_blank\" rel=\"noopener\">Jo\u00e3o Henrique Ribeiro Barbosa<\/a><\/p>\n<p><span style=\"color: #0000ff;\"><a style=\"color: #0000ff;\" href=\"http:\/\/lattes.cnpq.br\/8923103363236142\" target=\"_blank\" rel=\"noopener\">Jo\u00e3o Augusto Cristeli de Oliveira<\/a><\/span><\/p>\n<p><span style=\"color: #0000ff;\"><a style=\"color: #0000ff;\" href=\"http:\/\/lattes.cnpq.br\/4902795297804840\" target=\"_blank\" rel=\"noopener\">Joice Saturnino de Oliveira<\/a><\/span><\/p>\n<p><a href=\"http:\/\/lattes.cnpq.br\/3369218037531423\" target=\"_blank\" rel=\"noopener\">Juliana Silveira Mafra<\/a><\/p>\n<p><span style=\"color: #0000ff;\"><a style=\"color: #0000ff;\" href=\"http:\/\/lattes.cnpq.br\/1945055204256211\" target=\"_blank\" rel=\"noopener\">Jussara Vitoria de Freitas do Espirito Santo<\/a><\/span><\/p>\n<p><span style=\"color: #0000ff;\"><a style=\"color: #0000ff;\" href=\"http:\/\/buscatextual.cnpq.br\/buscatextual\/visualizacv.do?id=K4759039U3\" target=\"_blank\" rel=\"noopener\">Kleumanery de Melo Barboza<\/a><\/span><\/p>\n<p><span style=\"color: #0000ff;\"><a style=\"color: #0000ff;\" href=\"http:\/\/lattes.cnpq.br\/3342330120066308\" target=\"_blank\" rel=\"noopener\">Lucia Gouv\u00eaa Pimentel<\/a><\/span><\/p>\n<p><a style=\"color: #0000ff;\" href=\"http:\/\/lattes.cnpq.br\/7213018736318093\" target=\"_blank\" rel=\"noopener\">Marcelo La Carreta enrique Lopez da Cunha Pereira<\/a><\/p>\n<p><a style=\"color: #0000ff;\" href=\"http:\/\/lattes.cnpq.br\/8706884297486555\" target=\"_blank\" rel=\"noopener\">M\u00e1rcio Mota Pereira<\/a><\/p>\n<p><span style=\"color: #0000ff;\"><a style=\"color: #0000ff;\" href=\"http:\/\/lattes.cnpq.br\/2879961697242165\" target=\"_blank\" rel=\"noopener\">Mauricio Silva Gino<\/a><\/span><\/p>\n<p><a style=\"color: #0000ff;\" href=\"http:\/\/lattes.cnpq.br\/2254951295973568\" target=\"_blank\" rel=\"noopener\">Melissa Etelvina Oliveira Rocha<\/a><\/p>\n<p><a style=\"color: #0000ff;\" href=\"http:\/\/lattes.cnpq.br\/7718987084094020\" target=\"_blank\" rel=\"noopener\">Mirele Castanheira Brant<\/a><\/p>\n<p><span style=\"color: #0000ff;\"><a style=\"color: #0000ff;\" href=\"http:\/\/lattes.cnpq.br\/4015036794291034\" target=\"_blank\" rel=\"noopener\">Patricia de Paula Pereira<\/a><\/span><\/p>\n<p><a href=\"http:\/\/lattes.cnpq.br\/2118707841794991\" target=\"_blank\" rel=\"noopener\">Raphaela Campos Benetello Marques<\/a><\/p>\n<p><span style=\"color: #0000ff;\"><a style=\"color: #0000ff;\" href=\"http:\/\/lattes.cnpq.br\/0109457303275046\" target=\"_blank\" rel=\"noopener\">Rita Lages Rodrigues<\/a><\/span><\/p>\n<p><span style=\"color: #0000ff;\"><a style=\"color: #0000ff;\" href=\"http:\/\/lattes.cnpq.br\/6448880563509404\" target=\"_blank\" rel=\"noopener\">Rodrigo Borges Coelho<\/a><\/span><\/p>\n<p><a style=\"color: #0000ff;\" href=\"http:\/\/lattes.cnpq.br\/6220849697734713\" target=\"_blank\" rel=\"noopener\">Samara Vila\u00e7a Xavier<\/a><\/p><\/blockquote>\n","protected":false},"excerpt":{"rendered":"<p>Coordenadora do Programa de P\u00f3s Gradua\u00e7\u00e3o em Artes &#8211; PPG Artes\/ EBA\/ UFMG Mariana de Lima e Muniz Coordenadora\u00a0do Curso de Especializa\u00e7\u00e3o em Ensino de Artes Visuais e Tecnologias Contempor\u00e2neas &#8211; CEEAV\/ EBA\/ UFMG Camila Rodrigues Moreira Cruz Assistente de Projetos do Curso de Especializa\u00e7\u00e3o em Ensino de Artes Visuais e Tecnologias\u00a0Contempor\u00e2neas &#8211; CEEAV\/ EBA\/ [&hellip;]<\/p>\n","protected":false},"author":2,"featured_media":0,"parent":4,"menu_order":0,"comment_status":"closed","ping_status":"closed","template":"","meta":{"footnotes":""},"class_list":["post-6","page","type-page","status-publish","hentry"],"_links":{"self":[{"href":"https:\/\/ceeav.eba.ufmg.br\/index.php?rest_route=\/wp\/v2\/pages\/6","targetHints":{"allow":["GET"]}}],"collection":[{"href":"https:\/\/ceeav.eba.ufmg.br\/index.php?rest_route=\/wp\/v2\/pages"}],"about":[{"href":"https:\/\/ceeav.eba.ufmg.br\/index.php?rest_route=\/wp\/v2\/types\/page"}],"author":[{"embeddable":true,"href":"https:\/\/ceeav.eba.ufmg.br\/index.php?rest_route=\/wp\/v2\/users\/2"}],"replies":[{"embeddable":true,"href":"https:\/\/ceeav.eba.ufmg.br\/index.php?rest_route=%2Fwp%2Fv2%2Fcomments&post=6"}],"version-history":[{"count":23,"href":"https:\/\/ceeav.eba.ufmg.br\/index.php?rest_route=\/wp\/v2\/pages\/6\/revisions"}],"predecessor-version":[{"id":1932,"href":"https:\/\/ceeav.eba.ufmg.br\/index.php?rest_route=\/wp\/v2\/pages\/6\/revisions\/1932"}],"up":[{"embeddable":true,"href":"https:\/\/ceeav.eba.ufmg.br\/index.php?rest_route=\/wp\/v2\/pages\/4"}],"wp:attachment":[{"href":"https:\/\/ceeav.eba.ufmg.br\/index.php?rest_route=%2Fwp%2Fv2%2Fmedia&parent=6"}],"curies":[{"name":"wp","href":"https:\/\/api.w.org\/{rel}","templated":true}]}}