{"id":4,"date":"2015-09-25T14:25:01","date_gmt":"2015-09-25T14:25:01","guid":{"rendered":"https:\/\/ceeav.eba.ufmg.br\/wp\/?page_id=4"},"modified":"2024-01-12T09:43:36","modified_gmt":"2024-01-12T12:43:36","slug":"administracao","status":"publish","type":"page","link":"https:\/\/ceeav.eba.ufmg.br\/?page_id=4","title":{"rendered":"Sobre o Curso"},"content":{"rendered":"<p><a href=\"https:\/\/ceeav.eba.ufmg.br\/wp-content\/uploads\/2023\/11\/office-820390_1920-1.jpg\"><img loading=\"lazy\" decoding=\"async\" class=\"alignleft wp-image-2256\" src=\"https:\/\/ceeav.eba.ufmg.br\/wp-content\/uploads\/2023\/11\/office-820390_1920-1-300x109.jpg\" alt=\"\" width=\"1154\" height=\"419\" srcset=\"https:\/\/ceeav.eba.ufmg.br\/wp-content\/uploads\/2023\/11\/office-820390_1920-1-300x109.jpg 300w, https:\/\/ceeav.eba.ufmg.br\/wp-content\/uploads\/2023\/11\/office-820390_1920-1-1024x373.jpg 1024w\" sizes=\"auto, (max-width: 1154px) 100vw, 1154px\" \/><\/a><\/p>\n<p>&nbsp;<\/p>\n<p style=\"text-align: left;\">O Curso de Especializa\u00e7\u00e3o em Ensino de Artes Visuais e Tecnologias Contempor\u00e2neas &#8211; CEEAV, da Escola de Belas Artes &#8211; EBA\/ UFMG, do Programa de P\u00f3s Gradua\u00e7\u00e3o em Artes &#8211; PPG Artes, da Escola de Belas Artes &#8211; EBA\/ UFMG potencializa compet\u00eancias e conhecimentos necess\u00e1rios \u00e0 forma\u00e7\u00e3o de profissionais da Educa\u00e7\u00e3o B\u00e1sica e de Ensino Superior, tanto no exerc\u00edcio da a\u00e7\u00e3o docente quanto nas a\u00e7\u00f5es de pesquisa em ensino de Artes Visuais, por meio do uso de tecnologias contempor\u00e2neas. Essas tecnologias servir\u00e3o como recursos capazes de mediar cada vez mais o desenvolvimento de pr\u00e1ticas pedag\u00f3gicas, seja na modalidade a dist\u00e2ncia ou n\u00e3o, bem como contribuir\u00e3o com conhecimentos no campo da pesquisa e educa\u00e7\u00e3o em Arte e da pr\u00f3pria educa\u00e7\u00e3o a dist\u00e2ncia.<\/p>\n<p style=\"text-align: left;\"><strong>CARGA HOR\u00c1RIA<\/strong>:\u00a0360h<br \/>\n<strong>DURA\u00c7\u00c3O DO CURSO<\/strong>: 04 semestres (dois anos)<br \/>\n<strong>ORGANIZA\u00c7\u00c3O<\/strong>: O curso \u00e9 dividido em quatro semestres, sendo 14 disciplinas da \u00e1rea de concentra\u00e7\u00e3o (te\u00f3rico\/pr\u00e1tico) ministradas, em m\u00f3dulos, durante tr\u00eas semestres e o \u00faltimo semestre para elabora\u00e7\u00e3o de trabalho final\/monografia. A estrutura curricular \u00e9 composta por disciplinas obrigat\u00f3rias e optativas. Al\u00e9m disso, o Curso conta com encontros presenciais mensais aos s\u00e1bados nas cidades polos de oferta do mesmo.<\/p>\n<p>&nbsp;<\/p>\n<table style=\"height: 79px;\" width=\"1416\">\n<tbody>\n<tr>\n<td width=\"158\"><strong>ANO<\/strong><\/td>\n<td width=\"194\"><strong>OFERTA<\/strong><\/td>\n<td width=\"420\"><strong>POLOS<\/strong><\/td>\n<\/tr>\n<tr>\n<td width=\"158\"><strong>2023<\/strong><\/td>\n<td width=\"194\">VIII<\/td>\n<td width=\"420\">BOM DESPACHO, CONFINS, JABOTICATUBAS, LAGOA SANTA, SABAR\u00c1 E SETE LAGOAS.<\/td>\n<\/tr>\n<\/tbody>\n<\/table>\n<table style=\"height: 265px;\" width=\"1418\">\n<tbody>\n<tr>\n<td width=\"158\"><strong>2021<\/strong><\/td>\n<td width=\"194\">VII<\/td>\n<td width=\"420\">BRUMADINHO, CONFINS, JABOTICATUBAS, LAGOA SANTA E SABAR\u00c1.<\/td>\n<\/tr>\n<tr>\n<td width=\"158\"><strong>2017<\/strong><\/td>\n<td width=\"194\">VI<\/td>\n<td width=\"420\">CONTAGEM E LAGOA SANTA.<\/td>\n<\/tr>\n<tr>\n<td width=\"158\"><strong>2014<\/strong><\/td>\n<td width=\"194\">V<\/td>\n<td width=\"420\">BOM DESPACHO, CAMPOS GERAIS, CONFINS, FORMIGA, JUIZ DE FORA E TIRADENTES.<\/td>\n<\/tr>\n<tr>\n<td width=\"158\"><strong>2012<\/strong><\/td>\n<td width=\"194\">IV<\/td>\n<td width=\"420\">ARAX\u00c1, CONSELHEIRO LAFAIETE, ITABIRA, JABOTICATUBAS E GOVERNADOR VALADARES.<\/td>\n<\/tr>\n<tr>\n<td width=\"158\"><strong>2010<\/strong><\/td>\n<td width=\"194\">III<\/td>\n<td width=\"420\">ARA\u00c7UA\u00cd, CAMPOS GERAIS, CORINTO, FORMIGA, GOVERNADOR VALADARES E TE\u00d3FILO OTONI.<\/td>\n<\/tr>\n<tr>\n<td width=\"158\"><strong>2009<\/strong><\/td>\n<td width=\"194\">II<\/td>\n<td width=\"420\">CONCEI\u00c7\u00c3O DO MATO DENTRO, CONFINS, IPANEMA, TIRADENTES E IPANEMA.<\/td>\n<\/tr>\n<tr>\n<td width=\"158\"><strong>2008<\/strong><\/td>\n<td width=\"194\">I<\/td>\n<td width=\"420\">ARA\u00c7UA\u00cd, CAMPOS GERAIS, CORINTO, FORMIGA, GOVERNADOR VALADARES, TE\u00d3FILO OTONI E UBERABA.<\/td>\n<\/tr>\n<\/tbody>\n<\/table>\n<p>&nbsp;<\/p>\n<p>&nbsp;<\/p>\n","protected":false},"excerpt":{"rendered":"<p>&nbsp; O Curso de Especializa\u00e7\u00e3o em Ensino de Artes Visuais e Tecnologias Contempor\u00e2neas &#8211; CEEAV, da Escola de Belas Artes &#8211; EBA\/ UFMG, do Programa de P\u00f3s Gradua\u00e7\u00e3o em Artes &#8211; PPG Artes, da Escola de Belas Artes &#8211; EBA\/ UFMG potencializa compet\u00eancias e conhecimentos necess\u00e1rios \u00e0 forma\u00e7\u00e3o de profissionais da Educa\u00e7\u00e3o B\u00e1sica e de [&hellip;]<\/p>\n","protected":false},"author":2,"featured_media":0,"parent":0,"menu_order":0,"comment_status":"closed","ping_status":"closed","template":"","meta":{"footnotes":""},"class_list":["post-4","page","type-page","status-publish","hentry"],"_links":{"self":[{"href":"https:\/\/ceeav.eba.ufmg.br\/index.php?rest_route=\/wp\/v2\/pages\/4","targetHints":{"allow":["GET"]}}],"collection":[{"href":"https:\/\/ceeav.eba.ufmg.br\/index.php?rest_route=\/wp\/v2\/pages"}],"about":[{"href":"https:\/\/ceeav.eba.ufmg.br\/index.php?rest_route=\/wp\/v2\/types\/page"}],"author":[{"embeddable":true,"href":"https:\/\/ceeav.eba.ufmg.br\/index.php?rest_route=\/wp\/v2\/users\/2"}],"replies":[{"embeddable":true,"href":"https:\/\/ceeav.eba.ufmg.br\/index.php?rest_route=%2Fwp%2Fv2%2Fcomments&post=4"}],"version-history":[{"count":31,"href":"https:\/\/ceeav.eba.ufmg.br\/index.php?rest_route=\/wp\/v2\/pages\/4\/revisions"}],"predecessor-version":[{"id":2366,"href":"https:\/\/ceeav.eba.ufmg.br\/index.php?rest_route=\/wp\/v2\/pages\/4\/revisions\/2366"}],"wp:attachment":[{"href":"https:\/\/ceeav.eba.ufmg.br\/index.php?rest_route=%2Fwp%2Fv2%2Fmedia&parent=4"}],"curies":[{"name":"wp","href":"https:\/\/api.w.org\/{rel}","templated":true}]}}