{"id":182,"date":"2015-10-08T20:57:57","date_gmt":"2015-10-08T20:57:57","guid":{"rendered":"https:\/\/ceeav.eba.ufmg.br\/?page_id=182"},"modified":"2023-12-21T15:44:19","modified_gmt":"2023-12-21T18:44:19","slug":"aproveitamento-de-creditos","status":"publish","type":"page","link":"https:\/\/ceeav.eba.ufmg.br\/?page_id=182","title":{"rendered":"Aproveitamento de Cr\u00e9ditos"},"content":{"rendered":"<p><a href=\"https:\/\/ceeav.eba.ufmg.br\/wp-content\/uploads\/2023\/11\/stones-167089_1920-1.jpg\"><img loading=\"lazy\" decoding=\"async\" class=\"alignleft wp-image-2289\" src=\"https:\/\/ceeav.eba.ufmg.br\/wp-content\/uploads\/2023\/11\/stones-167089_1920-1-300x109.jpg\" alt=\"\" width=\"1153\" height=\"419\" srcset=\"https:\/\/ceeav.eba.ufmg.br\/wp-content\/uploads\/2023\/11\/stones-167089_1920-1-300x109.jpg 300w, https:\/\/ceeav.eba.ufmg.br\/wp-content\/uploads\/2023\/11\/stones-167089_1920-1-1024x373.jpg 1024w, https:\/\/ceeav.eba.ufmg.br\/wp-content\/uploads\/2023\/11\/stones-167089_1920-1-1536x560.jpg 1536w, https:\/\/ceeav.eba.ufmg.br\/wp-content\/uploads\/2023\/11\/stones-167089_1920-1.jpg 1903w\" sizes=\"auto, (max-width: 1153px) 100vw, 1153px\" \/><\/a><\/p>\n<p>&nbsp;<\/p>\n<p>Para solicitar o aproveitamento de cr\u00e9ditos \u00e9 necess\u00e1rio o preenchimento do formul\u00e1rio e o envio do mesmo \u00e0 Secretaria CEEAV, anexando junto ao mesmo documento (declara\u00e7\u00e3o, hist\u00f3rico e\/ou atestado em papel timbrado com assinatura da Institui\u00e7\u00e3o) que comprove o curso da disciplina ou equivalente.<\/p>\n<p>A solicita\u00e7\u00e3o ser\u00e1 analisada pela Comiss\u00e3o Coordenadora do Curso e comunicada ao aluno, atrav\u00e9s de email e\/ou carta registrada.<\/p>\n<p><a href=\"https:\/\/ceeav.eba.ufmg.br\/wp\/wp-content\/uploads\/2015\/09\/Requerimento-de-aproveitamento-de-cr\u00e9dito.pdf\" target=\"_blank\" rel=\"noopener\">Requerimento de aproveitamento de cr\u00e9dito<\/a><\/p>\n","protected":false},"excerpt":{"rendered":"<p>&nbsp; Para solicitar o aproveitamento de cr\u00e9ditos \u00e9 necess\u00e1rio o preenchimento do formul\u00e1rio e o envio do mesmo \u00e0 Secretaria CEEAV, anexando junto ao mesmo documento (declara\u00e7\u00e3o, hist\u00f3rico e\/ou atestado em papel timbrado com assinatura da Institui\u00e7\u00e3o) que comprove o curso da disciplina ou equivalente. A solicita\u00e7\u00e3o ser\u00e1 analisada pela Comiss\u00e3o Coordenadora do Curso e [&hellip;]<\/p>\n","protected":false},"author":2,"featured_media":0,"parent":12,"menu_order":0,"comment_status":"closed","ping_status":"closed","template":"","meta":{"footnotes":""},"class_list":["post-182","page","type-page","status-publish","hentry"],"_links":{"self":[{"href":"https:\/\/ceeav.eba.ufmg.br\/index.php?rest_route=\/wp\/v2\/pages\/182","targetHints":{"allow":["GET"]}}],"collection":[{"href":"https:\/\/ceeav.eba.ufmg.br\/index.php?rest_route=\/wp\/v2\/pages"}],"about":[{"href":"https:\/\/ceeav.eba.ufmg.br\/index.php?rest_route=\/wp\/v2\/types\/page"}],"author":[{"embeddable":true,"href":"https:\/\/ceeav.eba.ufmg.br\/index.php?rest_route=\/wp\/v2\/users\/2"}],"replies":[{"embeddable":true,"href":"https:\/\/ceeav.eba.ufmg.br\/index.php?rest_route=%2Fwp%2Fv2%2Fcomments&post=182"}],"version-history":[{"count":10,"href":"https:\/\/ceeav.eba.ufmg.br\/index.php?rest_route=\/wp\/v2\/pages\/182\/revisions"}],"predecessor-version":[{"id":2354,"href":"https:\/\/ceeav.eba.ufmg.br\/index.php?rest_route=\/wp\/v2\/pages\/182\/revisions\/2354"}],"up":[{"embeddable":true,"href":"https:\/\/ceeav.eba.ufmg.br\/index.php?rest_route=\/wp\/v2\/pages\/12"}],"wp:attachment":[{"href":"https:\/\/ceeav.eba.ufmg.br\/index.php?rest_route=%2Fwp%2Fv2%2Fmedia&parent=182"}],"curies":[{"name":"wp","href":"https:\/\/api.w.org\/{rel}","templated":true}]}}