{"id":178,"date":"2015-10-08T20:56:44","date_gmt":"2015-10-08T20:56:44","guid":{"rendered":"https:\/\/ceeav.eba.ufmg.br\/?page_id=178"},"modified":"2023-12-21T15:43:55","modified_gmt":"2023-12-21T18:43:55","slug":"emissao-de-certificado","status":"publish","type":"page","link":"https:\/\/ceeav.eba.ufmg.br\/?page_id=178","title":{"rendered":"Emiss\u00e3o de Certificado"},"content":{"rendered":"<h2><a href=\"https:\/\/ceeav.eba.ufmg.br\/wp-content\/uploads\/2023\/11\/graduation-cap-3430710_1920-1.jpg\"><img loading=\"lazy\" decoding=\"async\" class=\"alignleft wp-image-2298\" src=\"https:\/\/ceeav.eba.ufmg.br\/wp-content\/uploads\/2023\/11\/graduation-cap-3430710_1920-1-300x109.jpg\" alt=\"\" width=\"1145\" height=\"416\" srcset=\"https:\/\/ceeav.eba.ufmg.br\/wp-content\/uploads\/2023\/11\/graduation-cap-3430710_1920-1-300x109.jpg 300w, https:\/\/ceeav.eba.ufmg.br\/wp-content\/uploads\/2023\/11\/graduation-cap-3430710_1920-1-1024x373.jpg 1024w, https:\/\/ceeav.eba.ufmg.br\/wp-content\/uploads\/2023\/11\/graduation-cap-3430710_1920-1-1536x560.jpg 1536w\" sizes=\"auto, (max-width: 1145px) 100vw, 1145px\" \/><\/a><\/h2>\n<h2>1\u00aa Via de Diploma<\/h2>\n<p>O processo de emiss\u00e3o de <strong>Certificado de Especialista em Artes \u00e9 realizado de forma digital<\/strong>.<\/p>\n<p>1\u00ba) Preencher o <a href=\"https:\/\/ceeav.eba.ufmg.br\/wp-admin\/upload.php?item=1845\" rel=\"\">Requerimento de Certificado CEEAV<\/a>, com letra de forma leg\u00edvel, (favor n\u00e3o abreviar nenhum nome);<\/p>\n<p>Para abertura de seu processo de emiss\u00e3o de Certificado de Especialista em Artes \u00e9 necess\u00e1rio envio da documenta\u00e7\u00e3o completa, via email para Secretaria CEEAV: cespea@eba.ufmg.br, <strong>em formato PDF junto ao Requerimento de Emiss\u00e3o de Certificado.<\/strong><\/p>\n<p>Cada arquivo dever\u00e1 ser identificado com nome completo do estudante e nome documento enviado: (EXEMPLO: RG_NOME DO ESTUDANTE; DIPLOMA DE GRADUA\u00c7\u00c3O_NOME DO ESTUDANTE).<\/p>\n<p><strong>DOCUMENTA\u00c7\u00c3O NECESS\u00c1RIA:<\/strong><\/p>\n<ul>\n<li>Requerimento de Emiss\u00e3o de Certificado, devidamente preenchido;<\/li>\n<li>Certid\u00e3o de nascimento ou casamento;<\/li>\n<li>Carteira de identidade (evitar o envio da CNH);<\/li>\n<li>Diploma da gradua\u00e7\u00e3o (frente e verso);<\/li>\n<li>Comprovante relativo ao dep\u00f3sito e disponibiliza\u00e7\u00e3o da Monografia no Reposit\u00f3rio UFMG (documento emitido pela Biblioteca Universit\u00e1ria, ap\u00f3s submiss\u00e3o do trabalho de conclus\u00e3o de curso no RI UFMG).<\/li>\n<li>\u00a0Declara\u00e7\u00e3o nada consta da Biblioteca da EBA (solicitar a Biblioteca da EBA, atrav\u00e9s do email: bib@eba.ufmg.br)<\/li>\n<li>Hist\u00f3rico escolar CEEAV, devidamente assinado pela coordena\u00e7\u00e3o ou vers\u00e3o digital com QR Code (a vers\u00e3o com QR Code no Minha UFMG, com login e senha:<a href=\"https:\/\/sistemas.ufmg.br\/iaWeb\">https:\/\/sistemas.ufmg.br\/iaWeb<\/a>)<\/li>\n<li>Ata da defesa do trabalho final e folha de aprova\u00e7\u00e3o (enviados pela Secretaria CEEAV ap\u00f3s a defesa).<\/li>\n<\/ul>\n<p>&nbsp;<\/p>\n<p>Ap\u00f3s o envio da documenta\u00e7\u00e3o, voc\u00ea receber\u00e1 um e-mail (protocolo) que funciona como uma garantia que tal procedimento foi efetuado. Por isso, n\u00e3o perca o documento de protocolo.<\/p>\n<p>&nbsp;<\/p>\n<p><strong>CASOS DE URG\u00caNCIA NA EMISS\u00c3O DO CERTIFICADO<\/strong>: Existem casos que o(a) estudante necessita de seu Certificado com certa urg\u00eancia, o que pode caracterizar um pedido de prioridade de registro. Priorizar um registro de certificado evita que seja aguardado o tempo convencional de registro. Somente \u00e9 poss\u00edvel, mediante a an\u00e1lise e aprova\u00e7\u00e3o de pedido de prioridade.<\/p>\n<div>\n<div>\n<div>\n<div>Ap\u00f3s a abertura do Processo de emiss\u00e3o de Certificado pela Secretaria CEEAV, o processo \u00e9 encaminhado \u00e0 PRPG &#8211; Pr\u00f3 Reitoria de P\u00f3s Gradua\u00e7\u00e3o para emiss\u00e3o do Certificado. Em seguida o processo segue para\u00a0DRCA &#8211; Departamento de Registro Acad\u00eamico, para registro onde \u00e9 avaliado o pedido de prioridade.<\/div>\n<div><\/div>\n<div><a href=\"https:\/\/ceeav.eba.ufmg.br\/wp-admin\/upload.php?item=1842\" rel=\"\">Formul\u00e1rio prioridade na emiss\u00e3o do Certificado CEEAV<\/a><\/div>\n<div><\/div>\n<div><strong>Ap\u00f3s a emiss\u00e3o do Certificado, o(a) estudante o receber\u00e1 via Correio, no endere\u00e7o cadastrado, mantenha-o atualizado junto \u00e0 Secretaria CEEAV!<\/strong><\/div>\n<div><\/div>\n<\/div>\n<\/div>\n<\/div>\n<p>&nbsp;<\/p>\n<p style=\"text-align: center;\">&#8230;&#8230;&#8230;&#8230;&#8230;&#8230;&#8230;&#8230;&#8230;&#8230;&#8230;&#8230;&#8230;&#8230;&#8230;&#8230;&#8230;&#8230;&#8230;&#8230;&#8230;&#8230;&#8230;&#8230;&#8230;&#8230;&#8230;&#8230;&#8230;&#8230;&#8230;&#8230;&#8230;&#8230;&#8230;&#8230;&#8230;&#8230;&#8230;&#8230;&#8230;&#8230;&#8230;&#8230;&#8230;&#8230;&#8230;&#8230;&#8230;&#8230;&#8230;&#8230;&#8230;&#8230;&#8230;&#8230;&#8230;&#8230;&#8230;&#8230;&#8230;&#8230;&#8230;&#8230;&#8230;&#8230;&#8230;&#8230;&#8230;&#8230;&#8230;&#8230;&#8230;&#8230;&#8230;&#8230;&#8230;&#8230;&#8230;.<\/p>\n<h2><\/h2>\n<h2>2\u00aa Via de Diploma<\/h2>\n<div class=\"attribute-long\">\n<p>Tendo perdido ou danificado a primeira via do Certificado de Especialista em Artes, o (a)\u00a0 interessado (a) poder\u00e1 solicitar 2\u00aa via atrav\u00e9s de formul\u00e1rio pr\u00f3prio: <a href=\"https:\/\/ceeav.eba.ufmg.br\/wp-content\/uploads\/2015\/10\/Requerimento-de-Certificado-2\u00aa-Via-de-Certificado.pdf\" rel=\"\">Requerimento de Certificado 2\u00aa Via de Certificado<\/a>.<\/p>\n<p><strong>\u00c9 cobrada uma taxa no valor de R$ 80,00 para a emiss\u00e3o da segunda via do Certificado.<\/strong><\/p>\n<p>Segunda via para flex\u00e3o de g\u00eanero nos termos da lei 12.605\/2012 est\u00e1 isenta desta taxa.<\/p>\n<p>Para abertura de seu processo de emiss\u00e3o de 2\u00aa via Certificado de Especialista em Artes \u00e9 necess\u00e1rio envio da documenta\u00e7\u00e3o completa, via email para Secretaria CEEAV: cespea@eba.ufmg.br, <strong>em formato PDF junto ao Requerimento de Emiss\u00e3o de Certificado.<\/strong><\/p>\n<p>Ao e-mail devem ser anexados, em PDF:<\/p>\n<ul>\n<li><a href=\"https:\/\/ceeav.eba.ufmg.br\/wp-content\/uploads\/2015\/10\/Requerimento-de-Certificado-2\u00aa-Via-de-Certificado.pdf\" rel=\"\">Requerimento de Certificado 2\u00aa Via de Certificado<\/a><\/li>\n<li>Certid\u00e3o de nascimento\/casamento;<\/li>\n<li>Identidade;<\/li>\n<li>CPF;<\/li>\n<li>GRU e comprovante de seu pagamento<\/li>\n<\/ul>\n<p>A emiss\u00e3o de uma nova via do Certificado torna inv\u00e1lida a via anterior.<\/p>\n<\/div>\n<p>&nbsp;<\/p>\n<p><strong>INSTRU\u00c7\u00c3O PARA PAGAMENTO DA TAXA VALOR: R$ 80,00<\/strong><\/p>\n<p><strong>(SEGUNDA VIA\/ ORIENTA\u00c7\u00d5ES PARA EMISS\u00c3O DA GRU: <\/strong><span style=\"color: #0000ff;\"><a style=\"color: #0000ff;\" href=\"https:\/\/www2.ufmg.br\/drca\/content\/view\/full\/14908\">https:\/\/www2.ufmg.br\/drca\/content\/view\/full\/14908<\/a><\/span><strong>) <\/strong><\/p>\n<p>Acessar o site: <a href=\"http:\/\/consulta.tesouro.fazenda.gov.br\/gru_novosite\/gru_simples.asp\">http:\/\/consulta.tesouro.fazenda.gov.br\/gru_novosite\/gru_simples.asp<\/a><\/p>\n<ol>\n<li>c\u00f3digo da unidade federativa: 153062<\/li>\n<li>gest\u00e3o: 15229<\/li>\n<li>c\u00f3digo de recolhimento: 28830-6<\/li>\n<li>Avan\u00e7ar &gt; CPF do interessados &gt; Nome do Contribuinte (interessado) &gt; Valor principal R$ 80,00 &gt; Valor Total: R$ 80,00 &gt; Gerar em HTML &gt; Emitir GRU Simples.<\/li>\n<\/ol>\n","protected":false},"excerpt":{"rendered":"<p>1\u00aa Via de Diploma O processo de emiss\u00e3o de Certificado de Especialista em Artes \u00e9 realizado de forma digital. 1\u00ba) Preencher o Requerimento de Certificado CEEAV, com letra de forma leg\u00edvel, (favor n\u00e3o abreviar nenhum nome); Para abertura de seu processo de emiss\u00e3o de Certificado de Especialista em Artes \u00e9 necess\u00e1rio envio da documenta\u00e7\u00e3o completa, [&hellip;]<\/p>\n","protected":false},"author":2,"featured_media":0,"parent":12,"menu_order":0,"comment_status":"closed","ping_status":"closed","template":"","meta":{"footnotes":""},"class_list":["post-178","page","type-page","status-publish","hentry"],"_links":{"self":[{"href":"https:\/\/ceeav.eba.ufmg.br\/index.php?rest_route=\/wp\/v2\/pages\/178","targetHints":{"allow":["GET"]}}],"collection":[{"href":"https:\/\/ceeav.eba.ufmg.br\/index.php?rest_route=\/wp\/v2\/pages"}],"about":[{"href":"https:\/\/ceeav.eba.ufmg.br\/index.php?rest_route=\/wp\/v2\/types\/page"}],"author":[{"embeddable":true,"href":"https:\/\/ceeav.eba.ufmg.br\/index.php?rest_route=\/wp\/v2\/users\/2"}],"replies":[{"embeddable":true,"href":"https:\/\/ceeav.eba.ufmg.br\/index.php?rest_route=%2Fwp%2Fv2%2Fcomments&post=178"}],"version-history":[{"count":18,"href":"https:\/\/ceeav.eba.ufmg.br\/index.php?rest_route=\/wp\/v2\/pages\/178\/revisions"}],"predecessor-version":[{"id":2353,"href":"https:\/\/ceeav.eba.ufmg.br\/index.php?rest_route=\/wp\/v2\/pages\/178\/revisions\/2353"}],"up":[{"embeddable":true,"href":"https:\/\/ceeav.eba.ufmg.br\/index.php?rest_route=\/wp\/v2\/pages\/12"}],"wp:attachment":[{"href":"https:\/\/ceeav.eba.ufmg.br\/index.php?rest_route=%2Fwp%2Fv2%2Fmedia&parent=178"}],"curies":[{"name":"wp","href":"https:\/\/api.w.org\/{rel}","templated":true}]}}