{"id":1135,"date":"2018-08-10T14:58:34","date_gmt":"2018-08-10T14:58:34","guid":{"rendered":"https:\/\/ceeav.eba.ufmg.br\/?page_id=1135"},"modified":"2023-11-17T12:00:17","modified_gmt":"2023-11-17T15:00:17","slug":"noticias","status":"publish","type":"page","link":"https:\/\/ceeav.eba.ufmg.br\/?page_id=1135","title":{"rendered":"Not\u00edcias"},"content":{"rendered":"<div class=\"display-posts-listing grid\"><div class=\"listing-item\"><a class=\"image\" href=\"https:\/\/ceeav.eba.ufmg.br\/?p=2515\"><img loading=\"lazy\" decoding=\"async\" width=\"300\" height=\"200\" src=\"https:\/\/ceeav.eba.ufmg.br\/wp-content\/uploads\/2025\/03\/pens-1867899_1280-300x200.jpg\" class=\"attachment-medium size-medium wp-post-image\" alt=\"\" srcset=\"https:\/\/ceeav.eba.ufmg.br\/wp-content\/uploads\/2025\/03\/pens-1867899_1280-300x200.jpg 300w, https:\/\/ceeav.eba.ufmg.br\/wp-content\/uploads\/2025\/03\/pens-1867899_1280-1024x683.jpg 1024w, https:\/\/ceeav.eba.ufmg.br\/wp-content\/uploads\/2025\/03\/pens-1867899_1280-e1743633767869.jpg 750w\" sizes=\"auto, (max-width: 300px) 100vw, 300px\" \/><\/a> <a class=\"title\" href=\"https:\/\/ceeav.eba.ufmg.br\/?p=2515\">CEEAV: RESULTADO FINAL do EDITAL N\u00ba 2.884\/2024 \u2013 Sele\u00e7\u00e3o de Professor Orientador.<\/a><\/div><div class=\"listing-item\"><a class=\"image\" href=\"https:\/\/ceeav.eba.ufmg.br\/?p=2507\"><img loading=\"lazy\" decoding=\"async\" width=\"300\" height=\"200\" src=\"https:\/\/ceeav.eba.ufmg.br\/wp-content\/uploads\/2025\/03\/paint-933395_1280-300x200.jpg\" class=\"attachment-medium size-medium wp-post-image\" alt=\"\" srcset=\"https:\/\/ceeav.eba.ufmg.br\/wp-content\/uploads\/2025\/03\/paint-933395_1280-300x200.jpg 300w, https:\/\/ceeav.eba.ufmg.br\/wp-content\/uploads\/2025\/03\/paint-933395_1280-1024x682.jpg 1024w, https:\/\/ceeav.eba.ufmg.br\/wp-content\/uploads\/2025\/03\/paint-933395_1280-e1743199965575.jpg 750w\" sizes=\"auto, (max-width: 300px) 100vw, 300px\" \/><\/a> <a class=\"title\" href=\"https:\/\/ceeav.eba.ufmg.br\/?p=2507\">CEEAV: Resposta aos Recursos contra o RESULTADO PRELIMINAR DAS ETAPAS I e II do EDITAL N\u00ba 2.884\/2024 \u2013 Sele\u00e7\u00e3o de Professor Orientador.<\/a><\/div><div class=\"listing-item\"><a class=\"image\" href=\"https:\/\/ceeav.eba.ufmg.br\/?p=2499\"><img loading=\"lazy\" decoding=\"async\" width=\"300\" height=\"154\" src=\"https:\/\/ceeav.eba.ufmg.br\/wp-content\/uploads\/2023\/12\/Artes-1-300x154.jpg\" class=\"attachment-medium size-medium wp-post-image\" alt=\"\" srcset=\"https:\/\/ceeav.eba.ufmg.br\/wp-content\/uploads\/2023\/12\/Artes-1-300x154.jpg 300w, https:\/\/ceeav.eba.ufmg.br\/wp-content\/uploads\/2023\/12\/Artes-1.jpg 750w\" sizes=\"auto, (max-width: 300px) 100vw, 300px\" \/><\/a> <a class=\"title\" href=\"https:\/\/ceeav.eba.ufmg.br\/?p=2499\">CEEAV: Retifica\u00e7\u00e3o do Cronograma &#8211; EDITAL N\u00ba 2.884\/2024 &#8211; Sele\u00e7\u00e3o de Professor Orientador.<\/a><\/div><div class=\"listing-item\"><a class=\"image\" href=\"https:\/\/ceeav.eba.ufmg.br\/?p=2475\"><img loading=\"lazy\" decoding=\"async\" width=\"300\" height=\"300\" src=\"https:\/\/ceeav.eba.ufmg.br\/wp-content\/uploads\/2025\/03\/TCC-300x300.gif\" class=\"attachment-medium size-medium wp-post-image\" alt=\"\" srcset=\"https:\/\/ceeav.eba.ufmg.br\/wp-content\/uploads\/2025\/03\/TCC-300x300.gif 300w, https:\/\/ceeav.eba.ufmg.br\/wp-content\/uploads\/2025\/03\/TCC-100x100.gif 100w\" sizes=\"auto, (max-width: 300px) 100vw, 300px\" \/><\/a> <a class=\"title\" href=\"https:\/\/ceeav.eba.ufmg.br\/?p=2475\">CEEAV: Resultado preliminar da Etapa I e II, EDITAL N\u00ba 2.884\/2024 &#8211; Sele\u00e7\u00e3o de Professor Orientador.<\/a><\/div><div class=\"listing-item\"><a class=\"image\" href=\"https:\/\/ceeav.eba.ufmg.br\/?p=2466\"><img loading=\"lazy\" decoding=\"async\" width=\"300\" height=\"225\" src=\"https:\/\/ceeav.eba.ufmg.br\/wp-content\/uploads\/2023\/12\/Artes-2-300x225.webp\" class=\"attachment-medium size-medium wp-post-image\" alt=\"\" srcset=\"https:\/\/ceeav.eba.ufmg.br\/wp-content\/uploads\/2023\/12\/Artes-2-300x225.webp 300w, https:\/\/ceeav.eba.ufmg.br\/wp-content\/uploads\/2023\/12\/Artes-2-e1743200016697.webp 750w\" sizes=\"auto, (max-width: 300px) 100vw, 300px\" \/><\/a> <a class=\"title\" href=\"https:\/\/ceeav.eba.ufmg.br\/?p=2466\">CEEAV\/EBA abre inscri\u00e7\u00f5es para sele\u00e7\u00e3o de Professor Formador\/ Orienta\u00e7\u00e3o de TCC.<\/a><\/div><div class=\"listing-item\"><a class=\"image\" href=\"https:\/\/ceeav.eba.ufmg.br\/?p=2459\"><img loading=\"lazy\" decoding=\"async\" width=\"300\" height=\"225\" src=\"https:\/\/ceeav.eba.ufmg.br\/wp-content\/uploads\/2023\/12\/Artes-3-300x225.webp\" class=\"attachment-medium size-medium wp-post-image\" alt=\"\" srcset=\"https:\/\/ceeav.eba.ufmg.br\/wp-content\/uploads\/2023\/12\/Artes-3-300x225.webp 300w, https:\/\/ceeav.eba.ufmg.br\/wp-content\/uploads\/2023\/12\/Artes-3.webp 1024w\" sizes=\"auto, (max-width: 300px) 100vw, 300px\" \/><\/a> <a class=\"title\" href=\"https:\/\/ceeav.eba.ufmg.br\/?p=2459\">Modelos\/templates de monografias de especializa\u00e7\u00e3o.<\/a><\/div><div class=\"listing-item\"><a class=\"image\" href=\"https:\/\/ceeav.eba.ufmg.br\/?p=2427\"><img loading=\"lazy\" decoding=\"async\" width=\"300\" height=\"169\" src=\"https:\/\/ceeav.eba.ufmg.br\/wp-content\/uploads\/2024\/12\/BELAS-ARTES-FOTO-FOCA-LISBOA_-1440x810-1-300x169.jpg\" class=\"attachment-medium size-medium wp-post-image\" alt=\"\" srcset=\"https:\/\/ceeav.eba.ufmg.br\/wp-content\/uploads\/2024\/12\/BELAS-ARTES-FOTO-FOCA-LISBOA_-1440x810-1-300x169.jpg 300w, https:\/\/ceeav.eba.ufmg.br\/wp-content\/uploads\/2024\/12\/BELAS-ARTES-FOTO-FOCA-LISBOA_-1440x810-1-1024x576.jpg 1024w, https:\/\/ceeav.eba.ufmg.br\/wp-content\/uploads\/2024\/12\/BELAS-ARTES-FOTO-FOCA-LISBOA_-1440x810-1.jpg 1440w\" sizes=\"auto, (max-width: 300px) 100vw, 300px\" \/><\/a> <a class=\"title\" href=\"https:\/\/ceeav.eba.ufmg.br\/?p=2427\">Aconteceu em 14\/12\/2024: Encontro Presencial CEEAV &#8211; encerramento de 2024\/2.<\/a><\/div><div class=\"listing-item\"><a class=\"image\" href=\"https:\/\/ceeav.eba.ufmg.br\/?p=2340\"><img loading=\"lazy\" decoding=\"async\" width=\"300\" height=\"225\" src=\"https:\/\/ceeav.eba.ufmg.br\/wp-content\/uploads\/2023\/12\/Artes-5-300x225.webp\" class=\"attachment-medium size-medium wp-post-image\" alt=\"\" srcset=\"https:\/\/ceeav.eba.ufmg.br\/wp-content\/uploads\/2023\/12\/Artes-5-300x225.webp 300w, https:\/\/ceeav.eba.ufmg.br\/wp-content\/uploads\/2023\/12\/Artes-5.webp 1024w\" sizes=\"auto, (max-width: 300px) 100vw, 300px\" \/><\/a> <a class=\"title\" href=\"https:\/\/ceeav.eba.ufmg.br\/?p=2340\">CEEAV VIII: Cronograma Geral 2023-2025<\/a><\/div><div class=\"listing-item\"><a class=\"image\" href=\"https:\/\/ceeav.eba.ufmg.br\/?p=1987\"><img loading=\"lazy\" decoding=\"async\" width=\"300\" height=\"108\" src=\"https:\/\/ceeav.eba.ufmg.br\/wp-content\/uploads\/2023\/11\/brush-96240_1920-1-300x108.jpg\" class=\"attachment-medium size-medium wp-post-image\" alt=\"\" srcset=\"https:\/\/ceeav.eba.ufmg.br\/wp-content\/uploads\/2023\/11\/brush-96240_1920-1-300x108.jpg 300w, https:\/\/ceeav.eba.ufmg.br\/wp-content\/uploads\/2023\/11\/brush-96240_1920-1-1024x370.jpg 1024w, https:\/\/ceeav.eba.ufmg.br\/wp-content\/uploads\/2023\/11\/brush-96240_1920-1-1536x555.jpg 1536w, https:\/\/ceeav.eba.ufmg.br\/wp-content\/uploads\/2023\/11\/brush-96240_1920-1.jpg 1920w\" sizes=\"auto, (max-width: 300px) 100vw, 300px\" \/><\/a> <a class=\"title\" href=\"https:\/\/ceeav.eba.ufmg.br\/?p=1987\">Apresenta\u00e7\u00e3o Geral e Abertura 11\/11\/2023 &#8211; 9 \u00e0s 12h (encontro remoto s\u00edncrono)<\/a><\/div><div class=\"listing-item\"><a class=\"image\" href=\"https:\/\/ceeav.eba.ufmg.br\/?p=1785\"><img loading=\"lazy\" decoding=\"async\" width=\"300\" height=\"109\" src=\"https:\/\/ceeav.eba.ufmg.br\/wp-content\/uploads\/2023\/06\/knowledge-1052013_1920-1-300x109.jpg\" class=\"attachment-medium size-medium wp-post-image\" alt=\"\" srcset=\"https:\/\/ceeav.eba.ufmg.br\/wp-content\/uploads\/2023\/06\/knowledge-1052013_1920-1-300x109.jpg 300w, https:\/\/ceeav.eba.ufmg.br\/wp-content\/uploads\/2023\/06\/knowledge-1052013_1920-1-1024x373.jpg 1024w, https:\/\/ceeav.eba.ufmg.br\/wp-content\/uploads\/2023\/06\/knowledge-1052013_1920-1-1536x560.jpg 1536w, https:\/\/ceeav.eba.ufmg.br\/wp-content\/uploads\/2023\/06\/knowledge-1052013_1920-1.jpg 1903w\" sizes=\"auto, (max-width: 300px) 100vw, 300px\" \/><\/a> <a class=\"title\" href=\"https:\/\/ceeav.eba.ufmg.br\/?p=1785\">Edital de Sele\u00e7\u00e3o de Tutores<\/a><\/div><\/div>\n","protected":false},"excerpt":{"rendered":"","protected":false},"author":2,"featured_media":0,"parent":1160,"menu_order":0,"comment_status":"closed","ping_status":"closed","template":"","meta":{"footnotes":""},"class_list":["post-1135","page","type-page","status-publish","hentry"],"_links":{"self":[{"href":"https:\/\/ceeav.eba.ufmg.br\/index.php?rest_route=\/wp\/v2\/pages\/1135","targetHints":{"allow":["GET"]}}],"collection":[{"href":"https:\/\/ceeav.eba.ufmg.br\/index.php?rest_route=\/wp\/v2\/pages"}],"about":[{"href":"https:\/\/ceeav.eba.ufmg.br\/index.php?rest_route=\/wp\/v2\/types\/page"}],"author":[{"embeddable":true,"href":"https:\/\/ceeav.eba.ufmg.br\/index.php?rest_route=\/wp\/v2\/users\/2"}],"replies":[{"embeddable":true,"href":"https:\/\/ceeav.eba.ufmg.br\/index.php?rest_route=%2Fwp%2Fv2%2Fcomments&post=1135"}],"version-history":[{"count":61,"href":"https:\/\/ceeav.eba.ufmg.br\/index.php?rest_route=\/wp\/v2\/pages\/1135\/revisions"}],"predecessor-version":[{"id":2126,"href":"https:\/\/ceeav.eba.ufmg.br\/index.php?rest_route=\/wp\/v2\/pages\/1135\/revisions\/2126"}],"up":[{"embeddable":true,"href":"https:\/\/ceeav.eba.ufmg.br\/index.php?rest_route=\/wp\/v2\/pages\/1160"}],"wp:attachment":[{"href":"https:\/\/ceeav.eba.ufmg.br\/index.php?rest_route=%2Fwp%2Fv2%2Fmedia&parent=1135"}],"curies":[{"name":"wp","href":"https:\/\/api.w.org\/{rel}","templated":true}]}}