{"id":113,"date":"2015-09-28T13:33:22","date_gmt":"2015-09-28T13:33:22","guid":{"rendered":"https:\/\/ceeav.eba.ufmg.br\/wp\/?page_id=113"},"modified":"2023-11-22T09:54:37","modified_gmt":"2023-11-22T12:54:37","slug":"videos","status":"publish","type":"page","link":"https:\/\/ceeav.eba.ufmg.br\/?page_id=113","title":{"rendered":"V\u00eddeos"},"content":{"rendered":"<p><strong>S\u00e9rie Professores Artistas &#8211; Adel Souki:<\/strong><\/p>\n<p><iframe loading=\"lazy\" title=\"Adel Souki - S\u00e9rie Professores Artistas\" width=\"500\" height=\"281\" src=\"https:\/\/www.youtube.com\/embed\/x2p3gWTU5_I?feature=oembed\" frameborder=\"0\" allow=\"accelerometer; autoplay; clipboard-write; encrypted-media; gyroscope; picture-in-picture; web-share\" referrerpolicy=\"strict-origin-when-cross-origin\" allowfullscreen><\/iframe><\/p>\n<p>&nbsp;<\/p>\n<p><strong>Hist\u00f3ria do ensino da arte no Brasil:<\/strong><\/p>\n<p><iframe loading=\"lazy\"  id=\"_ytid_93757\"  width=\"480\" height=\"360\"  data-origwidth=\"480\" data-origheight=\"360\" src=\"https:\/\/www.youtube.com\/embed\/GXJeJjmE4ns?enablejsapi=1&#038;autoplay=0&#038;cc_load_policy=0&#038;cc_lang_pref=&#038;iv_load_policy=1&#038;loop=0&#038;rel=1&#038;fs=1&#038;playsinline=0&#038;autohide=2&#038;theme=dark&#038;color=red&#038;controls=1&#038;\" class=\"__youtube_prefs__  epyt-is-override  no-lazyload\" title=\"YouTube player\"  allow=\"fullscreen; accelerometer; autoplay; clipboard-write; encrypted-media; gyroscope; picture-in-picture\" allowfullscreen data-no-lazy=\"1\" data-skipgform_ajax_framebjll=\"\"><\/iframe><\/p>\n<p>&nbsp;<\/p>\n<p><strong>Monotipia e Impress\u00e3o:<br \/>\n<\/strong><\/p>\n<p><a href=\"https:\/\/www.youtube.com\/watch?v=IrA6s2aki4g\">https:\/\/www.youtube.com\/watch?v=IrA6s2aki4g<\/a><\/p>\n<p>&nbsp;<\/p>\n<p><strong>Fotografia:<br \/>\n<\/strong><\/p>\n<p><iframe loading=\"lazy\" title=\"Fotografia- Curso de Especializa\u00e7\u00e3o em Ensino de Artes Visuais- EBA- UFMG\" width=\"500\" height=\"375\" src=\"https:\/\/www.youtube.com\/embed\/MIrKd7THsQY?feature=oembed\" frameborder=\"0\" allow=\"accelerometer; autoplay; clipboard-write; encrypted-media; gyroscope; picture-in-picture; web-share\" referrerpolicy=\"strict-origin-when-cross-origin\" allowfullscreen><\/iframe><\/p>\n<p>&nbsp;<\/p>\n<p><strong>Desenho e Ilustra\u00e7\u00e3o:<br \/>\n<\/strong><\/p>\n<p><a href=\"https:\/\/www.youtube.com\/watch?v=rwWS9AE7uJ\">https:\/\/www.youtube.com\/watch?v=rwWS9AE7uJ<\/a><\/p>\n<p>&nbsp;<\/p>\n<p><strong>Conserva\u00e7\u00e3o:<br \/>\n<\/strong><\/p>\n<p><a href=\"https:\/\/www.youtube.com\/watch?v=5BTnk5LwkzE\">https:\/\/www.youtube.com\/watch?v=5BTnk5LwkzE<\/a><\/p>\n<p>&nbsp;<\/p>\n<p><strong>Artes Gr\u00e1ficas:<br \/>\n<\/strong><\/p>\n<p><a href=\"https:\/\/www.youtube.com\/watch?v=AYTnb5jU-Ko\">https:\/\/www.youtube.com\/watch?v=AYTnb5jU-Ko<\/a><\/p>\n<p>&nbsp;<\/p>\n<p><strong>Cinema e V\u00eddeo:<br \/>\n<\/strong><\/p>\n<p><iframe loading=\"lazy\" title=\"CEEAV - Disciplina Arte e Tecnologias Contempor\u00e2neas E \u2013 Cinema e V\u00eddeo\" width=\"500\" height=\"281\" src=\"https:\/\/www.youtube.com\/embed\/kxIAQ7zYpbo?feature=oembed\" frameborder=\"0\" allow=\"accelerometer; autoplay; clipboard-write; encrypted-media; gyroscope; picture-in-picture; web-share\" referrerpolicy=\"strict-origin-when-cross-origin\" allowfullscreen><\/iframe><\/p>\n<p>&nbsp;<\/p>\n<p><strong>Artes da Fibra 1:<br \/>\n<\/strong><\/p>\n<p><iframe loading=\"lazy\" title=\"Artes da Fibra- Curso de Especializa\u00e7\u00e3o em Ensino de Artes Visuais- EBA- UFMG\" width=\"500\" height=\"375\" src=\"https:\/\/www.youtube.com\/embed\/LsZGoUBZB98?feature=oembed\" frameborder=\"0\" allow=\"accelerometer; autoplay; clipboard-write; encrypted-media; gyroscope; picture-in-picture; web-share\" referrerpolicy=\"strict-origin-when-cross-origin\" allowfullscreen><\/iframe><\/p>\n<p>&nbsp;<\/p>\n<p><strong>Artes da Fibra 2:<br \/>\n<\/strong><\/p>\n<p><a href=\"https:\/\/www.youtube.com\/watch?v=htaTmMppSn8\">https:\/\/www.youtube.com\/watch?v=htaTmMppSn8<\/a><\/p>\n<p>&nbsp;<\/p>\n<p><strong>Papel Marmorizado:<br \/>\n<\/strong><\/p>\n<p><iframe loading=\"lazy\" title=\"Papel Marmorizado- Curso de Especializa\u00e7\u00e3o em Ensino de Artes Visuais- Escola de Belas Artes- UFMG\" width=\"500\" height=\"375\" src=\"https:\/\/www.youtube.com\/embed\/Fcug_yTf4Fs?feature=oembed\" frameborder=\"0\" allow=\"accelerometer; autoplay; clipboard-write; encrypted-media; gyroscope; picture-in-picture; web-share\" referrerpolicy=\"strict-origin-when-cross-origin\" allowfullscreen><\/iframe><\/p>\n<p>&nbsp;<\/p>\n<p><strong>Passepartout:<br \/>\n<\/strong><\/p>\n<p><iframe loading=\"lazy\" title=\"Passepartout - Curso de Especializa\u00e7\u00e3o em Ensino de Artes Visuais - Escola de Belas Artes - UFMG\" width=\"500\" height=\"375\" src=\"https:\/\/www.youtube.com\/embed\/qpmn_lssviE?feature=oembed\" frameborder=\"0\" allow=\"accelerometer; autoplay; clipboard-write; encrypted-media; gyroscope; picture-in-picture; web-share\" referrerpolicy=\"strict-origin-when-cross-origin\" allowfullscreen><\/iframe><\/p>\n<p>&nbsp;<\/p>\n<p><strong>Escultura:<br \/>\n<\/strong><\/p>\n<p><iframe loading=\"lazy\" title=\"Escultura- Curso de Especializa\u00e7\u00e3o em Ensino de Artes Visuais- EBA-UFMG\" width=\"500\" height=\"375\" src=\"https:\/\/www.youtube.com\/embed\/hqMWr8h9kvY?feature=oembed\" frameborder=\"0\" allow=\"accelerometer; autoplay; clipboard-write; encrypted-media; gyroscope; picture-in-picture; web-share\" referrerpolicy=\"strict-origin-when-cross-origin\" allowfullscreen><\/iframe><\/p>\n<p>&nbsp;<\/p>\n<p><strong>Elementos Condicionantes da Pintura:<br \/>\n<\/strong><\/p>\n<p><iframe loading=\"lazy\" title=\"Elementos Condicionantes da Pintura- Curso de Especializa\u00e7\u00e3o em Ensino de Artes Visuais- EBA-UFMG\" width=\"500\" height=\"375\" src=\"https:\/\/www.youtube.com\/embed\/Ggae0d7cTqE?feature=oembed\" frameborder=\"0\" allow=\"accelerometer; autoplay; clipboard-write; encrypted-media; gyroscope; picture-in-picture; web-share\" referrerpolicy=\"strict-origin-when-cross-origin\" allowfullscreen><\/iframe><\/p>\n<p>&nbsp;<\/p>\n","protected":false},"excerpt":{"rendered":"<p>S\u00e9rie Professores Artistas &#8211; Adel Souki: &nbsp; Hist\u00f3ria do ensino da arte no Brasil: &nbsp; Monotipia e Impress\u00e3o: &nbsp; Fotografia: &nbsp; Desenho e Ilustra\u00e7\u00e3o: &nbsp; Conserva\u00e7\u00e3o: &nbsp; Artes Gr\u00e1ficas: &nbsp; Cinema e V\u00eddeo: &nbsp; Artes da Fibra 1: &nbsp; Artes da Fibra 2: &nbsp; Papel Marmorizado: &nbsp; Passepartout: &nbsp; Escultura: &nbsp; Elementos Condicionantes da Pintura: [&hellip;]<\/p>\n","protected":false},"author":2,"featured_media":823,"parent":0,"menu_order":5,"comment_status":"closed","ping_status":"closed","template":"","meta":{"footnotes":""},"class_list":["post-113","page","type-page","status-publish","has-post-thumbnail","hentry"],"_links":{"self":[{"href":"https:\/\/ceeav.eba.ufmg.br\/index.php?rest_route=\/wp\/v2\/pages\/113","targetHints":{"allow":["GET"]}}],"collection":[{"href":"https:\/\/ceeav.eba.ufmg.br\/index.php?rest_route=\/wp\/v2\/pages"}],"about":[{"href":"https:\/\/ceeav.eba.ufmg.br\/index.php?rest_route=\/wp\/v2\/types\/page"}],"author":[{"embeddable":true,"href":"https:\/\/ceeav.eba.ufmg.br\/index.php?rest_route=\/wp\/v2\/users\/2"}],"replies":[{"embeddable":true,"href":"https:\/\/ceeav.eba.ufmg.br\/index.php?rest_route=%2Fwp%2Fv2%2Fcomments&post=113"}],"version-history":[{"count":9,"href":"https:\/\/ceeav.eba.ufmg.br\/index.php?rest_route=\/wp\/v2\/pages\/113\/revisions"}],"predecessor-version":[{"id":2249,"href":"https:\/\/ceeav.eba.ufmg.br\/index.php?rest_route=\/wp\/v2\/pages\/113\/revisions\/2249"}],"wp:featuredmedia":[{"embeddable":true,"href":"https:\/\/ceeav.eba.ufmg.br\/index.php?rest_route=\/wp\/v2\/media\/823"}],"wp:attachment":[{"href":"https:\/\/ceeav.eba.ufmg.br\/index.php?rest_route=%2Fwp%2Fv2%2Fmedia&parent=113"}],"curies":[{"name":"wp","href":"https:\/\/api.w.org\/{rel}","templated":true}]}}