{"id":10,"date":"2015-09-25T14:26:09","date_gmt":"2015-09-25T14:26:09","guid":{"rendered":"https:\/\/ceeav.eba.ufmg.br\/wp\/?page_id=10"},"modified":"2023-06-27T11:39:43","modified_gmt":"2023-06-27T11:39:43","slug":"contatos","status":"publish","type":"page","link":"https:\/\/ceeav.eba.ufmg.br\/?page_id=10","title":{"rendered":"Contato"},"content":{"rendered":"<p>[contact-form to=&#8217;cespea@eba.ufmg.br&#8217; subject=&#8217;Contato pelo site do CEEAV&#8217;][contact-field label=&#8217;Nome&#8217; type=&#8217;name&#8217; required=&#8217;1&#8217;\/][contact-field label=&#8217;Email&#8217; type=&#8217;email&#8217; required=&#8217;1&#8217;\/][contact-field label=&#8217;Coment\u00e1rio&#8217; type=&#8217;textarea&#8217; required=&#8217;1&#8217;\/][\/contact-form]<\/p>\n<p>&nbsp;<\/p>\n<p style=\"margin: 0cm; margin-bottom: .0001pt;\"><span style=\"font-family: 'Georgia','serif'; color: #333333;\">Curso de Especializa\u00e7\u00e3o em Ensino de Artes Visuais e<\/span><\/p>\n<p style=\"margin: 0cm; margin-bottom: .0001pt;\"><span style=\"font-family: 'Georgia','serif'; color: #333333;\">Tecnologias Contempor\u00e2neas \u2013 CEEAV<\/span><\/p>\n<p style=\"margin: 0cm; margin-bottom: .0001pt;\"><span style=\"font-family: 'Georgia','serif'; color: #333333;\">\u00a0<\/span><\/p>\n<p style=\"margin: 0cm; margin-bottom: .0001pt; font-variant-ligatures: normal; font-variant-caps: normal; orphans: 2; text-align: start; widows: 2; -webkit-text-stroke-width: 0px; text-decoration-style: initial; text-decoration-color: initial; word-spacing: 0px;\"><span style=\"font-family: 'Georgia','serif'; color: #333333;\">Escola de Belas Artes &#8211; EBA\/\u00a0Universidade Federal de Minas Gerais &#8211; UFMG<br \/>\nAv. Ant\u00f4nio Carlos, 6627 &#8211; Campus Pampulha<br \/>\nCEP.: 31.270-901<br \/>\nBelo Horizonte, MG<br \/>\nFone\/Fax:\u00a0(31) 3409-5248<\/span><\/p>\n","protected":false},"excerpt":{"rendered":"<p>[contact-form to=&#8217;cespea@eba.ufmg.br&#8217; subject=&#8217;Contato pelo site do CEEAV&#8217;][contact-field label=&#8217;Nome&#8217; type=&#8217;name&#8217; required=&#8217;1&#8217;\/][contact-field label=&#8217;Email&#8217; type=&#8217;email&#8217; required=&#8217;1&#8217;\/][contact-field label=&#8217;Coment\u00e1rio&#8217; type=&#8217;textarea&#8217; required=&#8217;1&#8217;\/][\/contact-form] &nbsp; Curso de Especializa\u00e7\u00e3o em Ensino de Artes Visuais e Tecnologias Contempor\u00e2neas \u2013 CEEAV \u00a0 Escola de Belas Artes &#8211; EBA\/\u00a0Universidade Federal de Minas Gerais &#8211; UFMG Av. Ant\u00f4nio Carlos, 6627 &#8211; Campus Pampulha CEP.: 31.270-901 Belo Horizonte, MG [&hellip;]<\/p>\n","protected":false},"author":2,"featured_media":0,"parent":0,"menu_order":0,"comment_status":"closed","ping_status":"closed","template":"","meta":{"footnotes":""},"class_list":["post-10","page","type-page","status-publish","hentry"],"_links":{"self":[{"href":"https:\/\/ceeav.eba.ufmg.br\/index.php?rest_route=\/wp\/v2\/pages\/10","targetHints":{"allow":["GET"]}}],"collection":[{"href":"https:\/\/ceeav.eba.ufmg.br\/index.php?rest_route=\/wp\/v2\/pages"}],"about":[{"href":"https:\/\/ceeav.eba.ufmg.br\/index.php?rest_route=\/wp\/v2\/types\/page"}],"author":[{"embeddable":true,"href":"https:\/\/ceeav.eba.ufmg.br\/index.php?rest_route=\/wp\/v2\/users\/2"}],"replies":[{"embeddable":true,"href":"https:\/\/ceeav.eba.ufmg.br\/index.php?rest_route=%2Fwp%2Fv2%2Fcomments&post=10"}],"version-history":[{"count":6,"href":"https:\/\/ceeav.eba.ufmg.br\/index.php?rest_route=\/wp\/v2\/pages\/10\/revisions"}],"predecessor-version":[{"id":532,"href":"https:\/\/ceeav.eba.ufmg.br\/index.php?rest_route=\/wp\/v2\/pages\/10\/revisions\/532"}],"wp:attachment":[{"href":"https:\/\/ceeav.eba.ufmg.br\/index.php?rest_route=%2Fwp%2Fv2%2Fmedia&parent=10"}],"curies":[{"name":"wp","href":"https:\/\/api.w.org\/{rel}","templated":true}]}}